{"id":495,"date":"2015-05-29T19:03:15","date_gmt":"2015-05-30T00:03:15","guid":{"rendered":"http:\/\/demo2.julioverne.com.mx\/?page_id=495"},"modified":"2015-08-27T23:57:42","modified_gmt":"2015-08-27T23:57:42","slug":"contacto","status":"publish","type":"page","link":"http:\/\/windsoreventos.com\/windsor\/?page_id=495","title":{"rendered":"Solicitar Cotizaci\u00f3n"},"content":{"rendered":"<div style='padding-bottom:20px;color:#513500;font-size:45px;' class='av-special-heading av-special-heading-h3 custom-color-heading blockquote modern-quote  av-thin-font av-inherit-size '><h3 class='av-special-heading-tag '  itemprop=\"headline\"  >Solicitar <strong>Cotizaci\u00f3n<\/strong><\/h3><div class='special-heading-border'><div class='special-heading-inner-border' style='border-color:#513500'><\/div><\/div><\/div>\n<section class=\"av_textblock_section \"  itemscope=\"itemscope\" itemtype=\"https:\/\/schema.org\/CreativeWork\" ><div class='avia_textblock  '   itemprop=\"text\" ><p>\u00a1Gracias por su visita! Si tiene alguna duda o desea una cotizaci\u00f3n, por favor p\u00f3nganse en contacto con nosotros. Ser\u00e1 un gusto atenderle.<\/p>\n<\/div><\/section>\n<div class=\"flex_column av_one_third  flex_column_div first  \" ><p><div style='padding-bottom:0px;color:#513500;font-size:25px;' class='av-special-heading av-special-heading-h3 custom-color-heading blockquote modern-quote   av-inherit-size '><h3 class='av-special-heading-tag '  itemprop=\"headline\"  >Tel\u00e9fono<\/h3><div class='special-heading-border'><div class='special-heading-inner-border' style='border-color:#513500'><\/div><\/div><\/div><br \/>\n<section class=\"av_textblock_section \"  itemscope=\"itemscope\" itemtype=\"https:\/\/schema.org\/CreativeWork\" ><div class='avia_textblock  '  style='font-size:18px; '  itemprop=\"text\" ><p>8332-1016<\/p>\n<\/div><\/section><\/p><\/div>\n<div class=\"flex_column av_two_third  flex_column_div av-zero-column-padding   \" style='border-radius:0px; '><p><div style='padding-bottom:0px;color:#513500;font-size:25px;' class='av-special-heading av-special-heading-h3 custom-color-heading blockquote modern-quote   av-thin-font av-inherit-size '><h3 class='av-special-heading-tag '  itemprop=\"headline\"  >Env\u00edenos un <strong> Mensaje<\/strong><\/h3><div class='special-heading-border'><div class='special-heading-inner-border' style='border-color:#513500'><\/div><\/div><\/div><br \/>\n<form action=\"http:\/\/windsoreventos.com\/windsor\/?page_id=495\" method=\"post\"  class=\"avia_ajax_form av-form-labels-visible    \" data-avia-form-id=\"1\" data-avia-redirect=''><fieldset><p class=' first_form  form_element form_fullwidth' id='element_avia_1_1'><label for=\"avia_1_1\">Nombre <abbr class=\"required\" title=\"required\">*<\/abbr><\/label> <input name=\"avia_1_1\" class=\"text_input is_empty\" type=\"text\" id=\"avia_1_1\" value=\"\" \/><\/p><p class=' first_form  form_element form_element_half' id='element_avia_2_1'><label for=\"avia_2_1\">E-Mail <abbr class=\"required\" title=\"required\">*<\/abbr><\/label> <input name=\"avia_2_1\" class=\"text_input is_email\" type=\"text\" id=\"avia_2_1\" value=\"\" \/><\/p><p class=' form_element form_element_half' id='element_avia_3_1'><label for=\"avia_3_1\">Tel\u00e9fono <abbr class=\"required\" title=\"required\">*<\/abbr><\/label> <input name=\"avia_3_1\" class=\"text_input is_empty\" type=\"text\" id=\"avia_3_1\" value=\"\" \/><\/p><p class=' first_form  form_element form_element_half' id='element_avia_4_1'><label for=\"avia_4_1\">Empresa<\/label> <input name=\"avia_4_1\" class=\"text_input \" type=\"text\" id=\"avia_4_1\" value=\"\" \/><\/p><p class=' form_element form_element_half' id='element_avia_5_1'><label for=\"avia_5_1\">Ciudad<\/label> <input name=\"avia_5_1\" class=\"text_input \" type=\"text\" id=\"avia_5_1\" value=\"\" \/><\/p><p class=' first_form  form_element form_element_half' id='element_avia_6_1'><label for=\"avia_6_1\">Tipo de Evento<\/label> <input name=\"avia_6_1\" class=\"text_input \" type=\"text\" id=\"avia_6_1\" value=\"\" \/><\/p><p class=' form_element form_element_half' id='element_avia_7_1'><label for=\"avia_7_1\">Fecha <abbr class=\"required\" title=\"required\">*<\/abbr><\/label> <input name=\"avia_7_1\" class=\"avia_datepicker text_input is_empty\" type=\"text\" id=\"avia_7_1\" value=\"\" placeholder=\"DD \/ MM \/ YY\" \/><\/p><p class=' first_form  form_element form_fullwidth av-last-visible-form-element' id='element_avia_8_1'>\t <label for=\"avia_8_1\" class=\"textare_label hidden textare_label_avia_8_1\">Mensaje<\/label>\t <textarea  name=\"avia_8_1\" class=\"text_area \" cols=\"40\" rows=\"7\" id=\"avia_8_1\" ><\/textarea><\/p><p class=\"hidden\"><input type=\"text\" name=\"avia_9_1\" class=\"hidden \" id=\"avia_9_1\" value=\"\" \/><\/p><p class=\"form_element \"><input type=\"hidden\" value=\"1\" name=\"avia_generated_form1\" \/><input type=\"submit\" value=\"Enviar\" class=\"button\"  data-sending-label=\"Sending\"\/><\/p><\/fieldset><\/form><div id=\"ajaxresponse_1\" class=\"ajaxresponse ajaxresponse_1 hidden\"><\/div><\/p><\/div>\n","protected":false},"excerpt":{"rendered":"","protected":false},"author":2,"featured_media":0,"parent":0,"menu_order":0,"comment_status":"open","ping_status":"open","template":"","meta":{"footnotes":""},"class_list":["post-495","page","type-page","status-publish","hentry"],"_links":{"self":[{"href":"http:\/\/windsoreventos.com\/windsor\/index.php?rest_route=\/wp\/v2\/pages\/495","targetHints":{"allow":["GET"]}}],"collection":[{"href":"http:\/\/windsoreventos.com\/windsor\/index.php?rest_route=\/wp\/v2\/pages"}],"about":[{"href":"http:\/\/windsoreventos.com\/windsor\/index.php?rest_route=\/wp\/v2\/types\/page"}],"author":[{"embeddable":true,"href":"http:\/\/windsoreventos.com\/windsor\/index.php?rest_route=\/wp\/v2\/users\/2"}],"replies":[{"embeddable":true,"href":"http:\/\/windsoreventos.com\/windsor\/index.php?rest_route=%2Fwp%2Fv2%2Fcomments&post=495"}],"version-history":[{"count":2,"href":"http:\/\/windsoreventos.com\/windsor\/index.php?rest_route=\/wp\/v2\/pages\/495\/revisions"}],"predecessor-version":[{"id":657,"href":"http:\/\/windsoreventos.com\/windsor\/index.php?rest_route=\/wp\/v2\/pages\/495\/revisions\/657"}],"wp:attachment":[{"href":"http:\/\/windsoreventos.com\/windsor\/index.php?rest_route=%2Fwp%2Fv2%2Fmedia&parent=495"}],"curies":[{"name":"wp","href":"https:\/\/api.w.org\/{rel}","templated":true}]}}