{"id":482,"date":"2015-05-29T18:37:45","date_gmt":"2015-05-29T23:37:45","guid":{"rendered":"http:\/\/demo2.julioverne.com.mx\/?page_id=482"},"modified":"2015-05-29T18:37:45","modified_gmt":"2015-05-29T23:37:45","slug":"menu-2","status":"publish","type":"page","link":"http:\/\/windsoreventos.com\/windsor\/?page_id=482","title":{"rendered":"Men\u00fa"},"content":{"rendered":"<div style='padding-bottom:20px;color:#513500;font-size:45px;' class='av-special-heading av-special-heading-h3 custom-color-heading blockquote modern-quote   av-thin-font av-inherit-size '><h3 class='av-special-heading-tag '  itemprop=\"headline\"  >Nuestro <strong> Men\u00fa <\/strong><\/h3><div class='special-heading-border'><div class='special-heading-inner-border' style='border-color:#513500'><\/div><\/div><\/div>\n<section class=\"av_textblock_section \"  itemscope=\"itemscope\" itemtype=\"https:\/\/schema.org\/CreativeWork\" ><div class='avia_textblock  '   itemprop=\"text\" ><p>Exquisitos platillos elaborados con la m\u00e1s alta calidad de ingredientes y el conocimiento y supervisi\u00f3n de nuestro Chef Ejecutivo de reconocido prestigio internacional que con gusto le asesorar\u00e1 para que su evento sea todo con \u00e9xito.<\/p>\n<p>Contamos con personal de cocina altamente capacitado para preparar banquetes y cualquier tipo de platillo, pero lo mejor, con un sabor incomparable.<\/p>\n<\/div><\/section>\n<div style='padding-bottom:0px;font-size:30px;' class='av-special-heading av-special-heading-h3  blockquote modern-quote   av-inherit-size '><h3 class='av-special-heading-tag '  itemprop=\"headline\"  >Platillos<\/h3><div class='special-heading-border'><div class='special-heading-inner-border' ><\/div><\/div><\/div>\n<div  data-size='entry_with_sidebar'  data-lightbox_size='large'  data-animation='slide'  data-ids='486,485,484,483,487'  data-video_counter='0'  data-autoplay='true'  data-bg_slider='false'  data-slide_height=''  data-handle='av_slideshow'  data-interval='3'  data-class=' '  data-css_id=''  data-scroll_down=''  data-control_layout=''  data-custom_markup=''  data-perma_caption=''  data-autoplay_stopper=''  data-image_attachment=''  data-min_height='0px'  data-default-height='37.988165680473'  class='avia-slideshow avia-slideshow-1  av-default-height-applied avia-slideshow-entry_with_sidebar av_slideshow   avia-slide-slider '  itemprop=\"ImageObject\" itemscope=\"itemscope\" itemtype=\"https:\/\/schema.org\/ImageObject\" ><ul class='avia-slideshow-inner' style='padding-bottom: 37.988165680473%;'><li  class=' slide-1 ' ><div data-rel='slideshow-1' class='avia-slide-wrap'  ><img src='http:\/\/windsoreventos.com\/windsor\/wp-content\/uploads\/2015\/05\/16-845x321.jpg' width='845' height='321' title='16' alt=''  itemprop=\"thumbnailUrl\"   \/><\/div><\/li><li  class=' slide-2 ' ><div data-rel='slideshow-1' class='avia-slide-wrap'  ><img src='http:\/\/windsoreventos.com\/windsor\/wp-content\/uploads\/2015\/05\/15-845x321.jpg' width='845' height='321' title='15' alt=''  itemprop=\"thumbnailUrl\"   \/><\/div><\/li><li  class=' slide-3 ' ><div data-rel='slideshow-1' class='avia-slide-wrap'  ><img src='http:\/\/windsoreventos.com\/windsor\/wp-content\/uploads\/2015\/05\/14-845x321.jpg' width='845' height='321' title='14' alt=''  itemprop=\"thumbnailUrl\"   \/><\/div><\/li><li  class=' slide-4 ' ><div data-rel='slideshow-1' class='avia-slide-wrap'  ><img src='http:\/\/windsoreventos.com\/windsor\/wp-content\/uploads\/2015\/05\/01-845x321.jpg' width='845' height='321' title='01' alt=''  itemprop=\"thumbnailUrl\"   \/><\/div><\/li><li  class=' slide-5 ' ><div data-rel='slideshow-1' class='avia-slide-wrap'  ><img src='http:\/\/windsoreventos.com\/windsor\/wp-content\/uploads\/2015\/05\/34-845x321.jpg' width='845' height='321' title='34' alt=''  itemprop=\"thumbnailUrl\"   \/><\/div><\/li><\/ul><div class='avia-slideshow-arrows avia-slideshow-controls'><a href='#prev' class='prev-slide' aria-hidden='true' data-av_icon='\ue87c' data-av_iconfont='entypo-fontello'>Previous<\/a><a href='#next' class='next-slide' aria-hidden='true' data-av_icon='\ue87d' data-av_iconfont='entypo-fontello'>Next<\/a><\/div><div class='avia-slideshow-dots avia-slideshow-controls'><a href='#1' class='goto-slide active' >1<\/a><a href='#2' class='goto-slide ' >2<\/a><a href='#3' class='goto-slide ' >3<\/a><a href='#4' class='goto-slide ' >4<\/a><a href='#5' class='goto-slide ' >5<\/a><\/div><\/div>\n<div  class='hr hr-default  '><span class='hr-inner ' ><span class='hr-inner-style'><\/span><\/span><\/div>\n<div style='padding-bottom:0px;font-size:30px;' class='av-special-heading av-special-heading-h3  blockquote modern-quote   av-inherit-size '><h3 class='av-special-heading-tag '  itemprop=\"headline\"  >Postres<\/h3><div class='special-heading-border'><div class='special-heading-inner-border' ><\/div><\/div><\/div>\n<div  data-size='entry_with_sidebar'  data-lightbox_size='large'  data-animation='slide'  data-ids='492,491,490'  data-video_counter='0'  data-autoplay='true'  data-bg_slider='false'  data-slide_height=''  data-handle='av_slideshow'  data-interval='3'  data-class=' '  data-css_id=''  data-scroll_down=''  data-control_layout=''  data-custom_markup=''  data-perma_caption=''  data-autoplay_stopper=''  data-image_attachment=''  data-min_height='0px'  data-default-height='37.988165680473'  class='avia-slideshow avia-slideshow-2  av-default-height-applied avia-slideshow-entry_with_sidebar av_slideshow   avia-slide-slider '  itemprop=\"ImageObject\" itemscope=\"itemscope\" itemtype=\"https:\/\/schema.org\/ImageObject\" ><ul class='avia-slideshow-inner' style='padding-bottom: 37.988165680473%;'><li  class=' slide-1 ' ><div data-rel='slideshow-2' class='avia-slide-wrap'  ><img src='http:\/\/windsoreventos.com\/windsor\/wp-content\/uploads\/2015\/05\/13-845x321.jpg' width='845' height='321' title='13' alt=''  itemprop=\"thumbnailUrl\"   \/><\/div><\/li><li  class=' slide-2 ' ><div data-rel='slideshow-2' class='avia-slide-wrap'  ><img src='http:\/\/windsoreventos.com\/windsor\/wp-content\/uploads\/2015\/05\/12-845x321.jpg' width='845' height='321' title='12' alt=''  itemprop=\"thumbnailUrl\"   \/><\/div><\/li><li  class=' slide-3 ' ><div data-rel='slideshow-2' class='avia-slide-wrap'  ><img src='http:\/\/windsoreventos.com\/windsor\/wp-content\/uploads\/2015\/05\/11-845x321.jpg' width='845' height='321' title='11' alt=''  itemprop=\"thumbnailUrl\"   \/><\/div><\/li><\/ul><div class='avia-slideshow-arrows avia-slideshow-controls'><a href='#prev' class='prev-slide' aria-hidden='true' data-av_icon='\ue87c' data-av_iconfont='entypo-fontello'>Previous<\/a><a href='#next' class='next-slide' aria-hidden='true' data-av_icon='\ue87d' data-av_iconfont='entypo-fontello'>Next<\/a><\/div><div class='avia-slideshow-dots avia-slideshow-controls'><a href='#1' class='goto-slide active' >1<\/a><a href='#2' class='goto-slide ' >2<\/a><a href='#3' class='goto-slide ' >3<\/a><\/div><\/div>\n","protected":false},"excerpt":{"rendered":"","protected":false},"author":2,"featured_media":0,"parent":0,"menu_order":0,"comment_status":"open","ping_status":"open","template":"","meta":{"footnotes":""},"class_list":["post-482","page","type-page","status-publish","hentry"],"_links":{"self":[{"href":"http:\/\/windsoreventos.com\/windsor\/index.php?rest_route=\/wp\/v2\/pages\/482","targetHints":{"allow":["GET"]}}],"collection":[{"href":"http:\/\/windsoreventos.com\/windsor\/index.php?rest_route=\/wp\/v2\/pages"}],"about":[{"href":"http:\/\/windsoreventos.com\/windsor\/index.php?rest_route=\/wp\/v2\/types\/page"}],"author":[{"embeddable":true,"href":"http:\/\/windsoreventos.com\/windsor\/index.php?rest_route=\/wp\/v2\/users\/2"}],"replies":[{"embeddable":true,"href":"http:\/\/windsoreventos.com\/windsor\/index.php?rest_route=%2Fwp%2Fv2%2Fcomments&post=482"}],"version-history":[{"count":0,"href":"http:\/\/windsoreventos.com\/windsor\/index.php?rest_route=\/wp\/v2\/pages\/482\/revisions"}],"wp:attachment":[{"href":"http:\/\/windsoreventos.com\/windsor\/index.php?rest_route=%2Fwp%2Fv2%2Fmedia&parent=482"}],"curies":[{"name":"wp","href":"https:\/\/api.w.org\/{rel}","templated":true}]}}