{"id":433,"date":"2015-05-29T12:37:23","date_gmt":"2015-05-29T17:37:23","guid":{"rendered":"http:\/\/demo2.julioverne.com.mx\/?page_id=433"},"modified":"2015-05-29T12:37:23","modified_gmt":"2015-05-29T17:37:23","slug":"salones","status":"publish","type":"page","link":"http:\/\/windsoreventos.com\/windsor\/?page_id=433","title":{"rendered":"Salones"},"content":{"rendered":"<div class=\"flex_column av_one_full  flex_column_div first  \" ><section class=\"av_textblock_section \"  itemscope=\"itemscope\" itemtype=\"https:\/\/schema.org\/CreativeWork\" ><div class='avia_textblock  '   itemprop=\"text\" ><p>\u2022 Excelente servicio para todo tipo de eventos: Bodas, XV a\u00f1os, Graduaciones, Despedidas de Soltera, Baby Showers, Posadas, Conferencias, Cumplea\u00f1os, Desayunos, Meriendas, etc.<\/p>\n<p>\u2022 Cualquier celebraci\u00f3n es la excusa perfecta para festejar con nosotros y hacer de ese d\u00eda tan importante un memorable y hermoso recuerdo.<\/p>\n<p>\u2022 Desde hace mucho tiempo Windsor Eventos se ha destacado por ser la mejor opci\u00f3n para celebrar todo tipo de eventos sociales.<\/p>\n<p>\u2022 Nuestra misi\u00f3n es ofrecerle a Usted y a sus invitados el mejor servicio en nuestras instalaciones y la extraordinaria preparaci\u00f3n y bella presentaci\u00f3n de nuestro amplio men\u00fa de platillos.<\/p>\n<p>\u2022 Contamos con el apoyo de proveedores externos que podemos recomendarle ampliamente para que su d\u00eda resulte mejor de lo esperado.<\/p>\n<\/div><\/section><\/div>\n<div class=\"flex_column av_one_half  flex_column_div first  \" ><div class='avia-image-container avia_animated_image avia_animate_when_almost_visible top-to-bottom av-styling- av-hover-grow   avia-align-center '  itemprop=\"ImageObject\" itemscope=\"itemscope\" itemtype=\"https:\/\/schema.org\/ImageObject\"  ><div class='avia-image-container-inner'><a href='http:\/\/windsoreventos.com\/windsor\/wp-content\/uploads\/2015\/05\/embassy2.jpg' class='avia_image'  ><img class='avia_image ' src='http:\/\/windsoreventos.com\/windsor\/wp-content\/uploads\/2015\/05\/embassy2-900x423.jpg' alt='' title=''  itemprop=\"thumbnailUrl\"  \/><\/a><\/div><\/div><\/div>\n<div class=\"flex_column av_one_half  flex_column_div   \" ><p><div style='padding-bottom:10px;color:#4c4123;font-size:45px;' class='av-special-heading av-special-heading-h3 custom-color-heading blockquote modern-quote  av-thin-font av-inherit-size '><h3 class='av-special-heading-tag '  itemprop=\"headline\"  >Sal\u00f3n <strong> Embassy<\/strong><\/h3><div class='special-heading-border'><div class='special-heading-inner-border' style='border-color:#4c4123'><\/div><\/div><\/div><br \/>\n<section class=\"av_textblock_section \"  itemscope=\"itemscope\" itemtype=\"https:\/\/schema.org\/CreativeWork\" ><div class='avia_textblock  '   itemprop=\"text\" ><p>Amplio y elegante, cuenta con bella iluminaci\u00f3n y una gran pista de baile.<\/p>\n<p><strong>Posibles montajes:<\/strong><br \/>\nCena: 350 invitados<br \/>\nAuditorio: 450 invitados<\/p>\n<\/div><\/section><\/p><\/div>\n<div  class='hr hr-default  '><span class='hr-inner ' ><span class='hr-inner-style'><\/span><\/span><\/div>\n<div class=\"flex_column av_one_half  flex_column_div first  \" ><p><div style='padding-bottom:10px;color:#4c4123;font-size:45px;' class='av-special-heading av-special-heading-h3 custom-color-heading blockquote modern-quote  av-thin-font av-inherit-size '><h3 class='av-special-heading-tag '  itemprop=\"headline\"  >Sal\u00f3n <strong> Luxor<\/strong><\/h3><div class='special-heading-border'><div class='special-heading-inner-border' style='border-color:#4c4123'><\/div><\/div><\/div><br \/>\n<section class=\"av_textblock_section \"  itemscope=\"itemscope\" itemtype=\"https:\/\/schema.org\/CreativeWork\" ><div class='avia_textblock  '   itemprop=\"text\" ><p>Caracter\u00edstico dise\u00f1o rectangular con agradable adaptaci\u00f3n, cuenta con pista de baile.<\/p>\n<p><strong>Posibles montajes:<\/strong><br \/>\nCena: 250 invitados<br \/>\nAuditorio: 300 invitados<\/p>\n<\/div><\/section><\/p><\/div>\n<div class=\"flex_column av_one_half  flex_column_div   \" ><div class='avia-image-container avia_animated_image avia_animate_when_almost_visible top-to-bottom av-styling- av-hover-grow   avia-align-center '  itemprop=\"ImageObject\" itemscope=\"itemscope\" itemtype=\"https:\/\/schema.org\/ImageObject\"  ><div class='avia-image-container-inner'><a href='http:\/\/windsoreventos.com\/windsor\/wp-content\/uploads\/2015\/05\/luxor2.jpg' class='avia_image'  ><img class='avia_image ' src='http:\/\/windsoreventos.com\/windsor\/wp-content\/uploads\/2015\/05\/luxor2-900x423.jpg' alt='' title=''  itemprop=\"thumbnailUrl\"  \/><\/a><\/div><\/div><\/div><div  class='hr hr-default  '><span class='hr-inner ' ><span class='hr-inner-style'><\/span><\/span><\/div><\/p>\n<div class=\"flex_column av_one_half  flex_column_div first  \" ><div class='avia-image-container avia_animated_image avia_animate_when_almost_visible top-to-bottom av-styling- av-hover-grow   avia-align-center '  itemprop=\"ImageObject\" itemscope=\"itemscope\" itemtype=\"https:\/\/schema.org\/ImageObject\"  ><div class='avia-image-container-inner'><a href='http:\/\/windsoreventos.com\/windsor\/wp-content\/uploads\/2015\/05\/royal2.jpg' class='avia_image'  ><img class='avia_image ' src='http:\/\/windsoreventos.com\/windsor\/wp-content\/uploads\/2015\/05\/royal2-900x423.jpg' alt='' title=''  itemprop=\"thumbnailUrl\"  \/><\/a><\/div><\/div><\/div><div class=\"flex_column av_one_half  flex_column_div   \" ><p><div style='padding-bottom:10px;color:#4c4123;font-size:45px;' class='av-special-heading av-special-heading-h3 custom-color-heading blockquote modern-quote   av-thin-font av-inherit-size '><h3 class='av-special-heading-tag '  itemprop=\"headline\"  >Sal\u00f3n <strong> Royal<\/strong><\/h3><div class='special-heading-border'><div class='special-heading-inner-border' style='border-color:#4c4123'><\/div><\/div><\/div><br \/>\n<section class=\"av_textblock_section \"  itemscope=\"itemscope\" itemtype=\"https:\/\/schema.org\/CreativeWork\" ><div class='avia_textblock  '   itemprop=\"text\" ><p>C\u00e1lido y con un dise\u00f1o especial para aquellos eventos privados como ceremonias civiles, meriendas, aniversarios.<\/p>\n<p><strong>Posibles montajes:<\/strong><br \/>\nRegistro Civil: 60 invitados<br \/>\nCena: 50 invitados<\/p>\n<\/div><\/section><\/p><\/div><\/p>\n<div  class='hr hr-default  '><span class='hr-inner ' ><span class='hr-inner-style'><\/span><\/span><\/div>\n<div class=\"flex_column av_one_half  flex_column_div first  \" ><p><div style='padding-bottom:10px;color:#4c4123;font-size:45px;' class='av-special-heading av-special-heading-h3 custom-color-heading blockquote modern-quote  av-thin-font av-inherit-size '><h3 class='av-special-heading-tag '  itemprop=\"headline\"  >Sal\u00f3n <strong> Majestic<\/strong><\/h3><div class='special-heading-border'><div class='special-heading-inner-border' style='border-color:#4c4123'><\/div><\/div><\/div><br \/>\n<section class=\"av_textblock_section \"  itemscope=\"itemscope\" itemtype=\"https:\/\/schema.org\/CreativeWork\" ><div class='avia_textblock  '   itemprop=\"text\" ><p>Describe la elegancia y la comodidad que se puede desear en un evento tan importante, hermoso dise\u00f1o, con una amplia pista de baile, una decoraci\u00f3n inigualable. Cuenta con una escalera de presentaci\u00f3n y un privado para estancia de los novios mientras llegan los invitados.<\/p>\n<p><strong>Posibles montajes:<\/strong><br \/>\nCena: 450 invitados<br \/>\nAuditorio: 550 invitados<\/p>\n<\/div><\/section><\/p><\/div>\n<div class=\"flex_column av_one_half  flex_column_div   \" ><div class='avia-image-container avia_animated_image avia_animate_when_almost_visible top-to-bottom av-styling- av-hover-grow   avia-align-center '  itemprop=\"ImageObject\" itemscope=\"itemscope\" itemtype=\"https:\/\/schema.org\/ImageObject\"  ><div class='avia-image-container-inner'><a href='http:\/\/windsoreventos.com\/windsor\/wp-content\/uploads\/2015\/05\/majestic2.jpg' class='avia_image'  ><img class='avia_image ' src='http:\/\/windsoreventos.com\/windsor\/wp-content\/uploads\/2015\/05\/majestic2-900x423.jpg' alt='' title=''  itemprop=\"thumbnailUrl\"  \/><\/a><\/div><\/div><\/div><div  class='hr hr-default  '><span class='hr-inner ' ><span class='hr-inner-style'><\/span><\/span><\/div><\/p>\n<div class=\"flex_column av_one_half  flex_column_div first  \" ><div class='avia-image-container avia_animated_image avia_animate_when_almost_visible top-to-bottom av-styling- av-hover-grow   avia-align-center '  itemprop=\"ImageObject\" itemscope=\"itemscope\" itemtype=\"https:\/\/schema.org\/ImageObject\"  ><div class='avia-image-container-inner'><a href='http:\/\/windsoreventos.com\/windsor\/wp-content\/uploads\/2015\/05\/regency2.jpg' class='avia_image'  ><img class='avia_image ' src='http:\/\/windsoreventos.com\/windsor\/wp-content\/uploads\/2015\/05\/regency2-900x423.jpg' alt='' title=''  itemprop=\"thumbnailUrl\"  \/><\/a><\/div><\/div><\/div><div class=\"flex_column av_one_half  flex_column_div   \" ><p><div style='padding-bottom:10px;color:#4c4123;font-size:45px;' class='av-special-heading av-special-heading-h3 custom-color-heading blockquote modern-quote  av-thin-font av-inherit-size '><h3 class='av-special-heading-tag '  itemprop=\"headline\"  >Sal\u00f3n <strong> Regency<\/strong><\/h3><div class='special-heading-border'><div class='special-heading-inner-border' style='border-color:#4c4123'><\/div><\/div><\/div><br \/>\n<section class=\"av_textblock_section \"  itemscope=\"itemscope\" itemtype=\"https:\/\/schema.org\/CreativeWork\" ><div class='avia_textblock  '   itemprop=\"text\" ><p>Sofisticado y con el estilo perfecto. Tiene una peque\u00f1a pista de baile y tarima para m\u00fasica o show.<\/p>\n<p><strong>Posibles montajes:<\/strong><br \/>\nCena: 150 invitados<br \/>\nAuditorio: 200 invitados<\/p>\n<\/div><\/section><\/p><\/div><\/p>\n<div  class='hr hr-default  '><span class='hr-inner ' ><span class='hr-inner-style'><\/span><\/span><\/div>\n<div class=\"flex_column av_one_half  flex_column_div first  \" ><p><div style='padding-bottom:10px;color:#4c4123;font-size:45px;' class='av-special-heading av-special-heading-h3 custom-color-heading blockquote modern-quote  av-thin-font av-inherit-size '><h3 class='av-special-heading-tag '  itemprop=\"headline\"  >Sal\u00f3n <strong> Tiffany<\/strong><\/h3><div class='special-heading-border'><div class='special-heading-inner-border' style='border-color:#4c4123'><\/div><\/div><\/div><br \/>\n<section class=\"av_textblock_section \"  itemscope=\"itemscope\" itemtype=\"https:\/\/schema.org\/CreativeWork\" ><div class='avia_textblock  '   itemprop=\"text\" ><p>Lleno de distinci\u00f3n, ideal para festejar baby shower, despedida de soltera, aniversarios, ceremonia civil.<\/p>\n<p><strong>Posibles montajes:<\/strong><br \/>\nRegistro civil: 40 invitados<br \/>\nCena: 50 invitados<\/p>\n<\/div><\/section><\/p><\/div>\n<div class=\"flex_column av_one_half  flex_column_div   \" ><div class='avia-image-container avia_animated_image avia_animate_when_almost_visible top-to-bottom av-styling- av-hover-grow   avia-align-center '  itemprop=\"ImageObject\" itemscope=\"itemscope\" itemtype=\"https:\/\/schema.org\/ImageObject\"  ><div class='avia-image-container-inner'><a href='http:\/\/windsoreventos.com\/windsor\/wp-content\/uploads\/2015\/05\/tifany2.jpg' class='avia_image'  ><img class='avia_image ' src='http:\/\/windsoreventos.com\/windsor\/wp-content\/uploads\/2015\/05\/tifany2-900x423.jpg' alt='' title=''  itemprop=\"thumbnailUrl\"  \/><\/a><\/div><\/div><\/div>\n","protected":false},"excerpt":{"rendered":"","protected":false},"author":2,"featured_media":0,"parent":0,"menu_order":0,"comment_status":"open","ping_status":"open","template":"","meta":{"footnotes":""},"class_list":["post-433","page","type-page","status-publish","hentry"],"_links":{"self":[{"href":"http:\/\/windsoreventos.com\/windsor\/index.php?rest_route=\/wp\/v2\/pages\/433","targetHints":{"allow":["GET"]}}],"collection":[{"href":"http:\/\/windsoreventos.com\/windsor\/index.php?rest_route=\/wp\/v2\/pages"}],"about":[{"href":"http:\/\/windsoreventos.com\/windsor\/index.php?rest_route=\/wp\/v2\/types\/page"}],"author":[{"embeddable":true,"href":"http:\/\/windsoreventos.com\/windsor\/index.php?rest_route=\/wp\/v2\/users\/2"}],"replies":[{"embeddable":true,"href":"http:\/\/windsoreventos.com\/windsor\/index.php?rest_route=%2Fwp%2Fv2%2Fcomments&post=433"}],"version-history":[{"count":0,"href":"http:\/\/windsoreventos.com\/windsor\/index.php?rest_route=\/wp\/v2\/pages\/433\/revisions"}],"wp:attachment":[{"href":"http:\/\/windsoreventos.com\/windsor\/index.php?rest_route=%2Fwp%2Fv2%2Fmedia&parent=433"}],"curies":[{"name":"wp","href":"https:\/\/api.w.org\/{rel}","templated":true}]}}